{"id":78,"date":"2014-04-07T15:22:26","date_gmt":"2014-04-07T13:22:26","guid":{"rendered":"http:\/\/www.brignogan-blog.com\/?page_id=78"},"modified":"2019-04-21T17:27:25","modified_gmt":"2019-04-21T15:27:25","slug":"warum","status":"publish","type":"page","link":"https:\/\/www.brignogan-blog.com\/?page_id=78&lang=de","title":{"rendered":"Bienvenue"},"content":{"rendered":"<p>&nbsp;<\/p>\n<p style=\"text-align: justify;\"><span style=\"font-size: 12pt;\">Noch \u2018nen Blog. \u00c4u\u00dferer Anlass waren die Verlegung des Wohnsitzes nach <strong>Brignogan-Plages<\/strong> in Frankreich und die <span style=\"font-family: 'times new roman', times, serif;\">Erinnerung<\/span> an die 50 Jahre deutsch-franz\u00f6sische Freundschaft (1963-2013), da der Umzug genau zur Jahreswende 2013\/14 entschieden wurde.<\/span><\/p>\n<p style=\"text-align: justify;\"><span style=\"font-size: 12pt;\">Die Kopf-Bilder zeigen genau dieses kleine St\u00e4dtchen an der bretonischen K\u00fcste des Finist\u00e8re, einem&nbsp;Departement Frankreichs. Heute hei\u00dft man <strong>Ploun\u00e9our-Brignogan-Plages<\/strong>. Man hatte sich in den drei\u00dfiger Jahren des vorigen Jahrhunderts als ehemaliger Teil von der Gemeinde selbst\u00e4ndig gemacht, mit der man sich zum 1.1.2017 wieder vereinte, aber diesmal gewisserma\u00dfen unter Wahrung des eigenen Namens.<\/span><\/p>\n<p style=\"text-align: justify;\"><span style=\"font-size: 12pt;\">Um auf die besagten 50 Jahre zur\u00fcckzukommen. Hier landete vor vielen Jahren mal der Autor im Rahmen der &#8222;Strukturen&#8220; dieser obigen Sache und hierhin ging es nun zur\u00fcck. Eigentlich auf Deutsch, aber mit verschiedenen Sprachseiten, auf denen jeweils anderssprachliche Texte ver\u00ad\u00f6ffent\u00adlicht werden k\u00f6nnen; m\u00fcssen nicht, k\u00f6nnten auch gemischt dargestellt werden. Egal, von Zeit zu Zeit wird es gleichzeitig entsprechende \u00dcbersetzungen geben.<\/span><\/p>\n<p style=\"text-align: justify;\"><span style=\"font-size: 12pt;\"><strong><em>Encore un Blog &#8230; original en allemand,&nbsp;avec des pages de langue pour tenir d\u2019autres langues et ces articles en bloc, mais aussi c\u2019est possible de m\u00e9langer celles-ci.<\/em><\/strong><strong><em><br \/>\nMotif pour lancer ce blog \u00e9tait &nbsp;prendre domicile \u00e0 Brignogan-Plages et le m\u00e9moire \u00e0 50<sup>\u00e8me<\/sup> anniversaire du Contrat d\u2019\u00c9lys\u00e9e. Les deux choses se d\u00e9roulaient en m\u00eame temps&nbsp;! Quelques photos pr\u00e9sentent celui-ci Brignogan-Plages en Finist\u00e8re, o\u00f9 arrivait l\u2019auteur du blog un jour et cela pour cons\u00e9quence des \u00ab&nbsp;structures&nbsp;\u00bb qui appartenaient&nbsp; au contrat.<\/em><\/strong><\/span><\/p>\n<p style=\"text-align: justify;\"><span style=\"font-size: 12pt;\">Ver\u00f6ffentlicht wird das, was gerade ver\u00f6ffentlicht werden soll. Warum auch immer. Nicht zuletzt melde ich mich mit Neuigkeiten \u00fcber mich aus Brignogan-Plages. Gastbeitr\u00e4ge w\u00e4ren &nbsp;jederzeit willkommen.<\/span><\/p>\n<p><span style=\"font-size: 12pt;\">Viel Spa\u00df!<\/span><br \/>\n<span style=\"font-size: 12pt;\"><em><strong>Amusez-vous!<\/strong><\/em><\/span><\/p>\n","protected":false},"excerpt":{"rendered":"<p>&nbsp; Noch \u2018nen Blog. \u00c4u\u00dferer Anlass waren die Verlegung des Wohnsitzes nach Brignogan-Plages in Frankreich und die Erinnerung an die&hellip;<\/p>\n","protected":false},"author":1,"featured_media":0,"parent":0,"menu_order":0,"comment_status":"closed","ping_status":"closed","template":"","meta":{"ngg_post_thumbnail":0,"footnotes":""},"class_list":["post-78","page","type-page","status-publish","hentry"],"_links":{"self":[{"href":"https:\/\/www.brignogan-blog.com\/index.php?rest_route=\/wp\/v2\/pages\/78","targetHints":{"allow":["GET"]}}],"collection":[{"href":"https:\/\/www.brignogan-blog.com\/index.php?rest_route=\/wp\/v2\/pages"}],"about":[{"href":"https:\/\/www.brignogan-blog.com\/index.php?rest_route=\/wp\/v2\/types\/page"}],"author":[{"embeddable":true,"href":"https:\/\/www.brignogan-blog.com\/index.php?rest_route=\/wp\/v2\/users\/1"}],"replies":[{"embeddable":true,"href":"https:\/\/www.brignogan-blog.com\/index.php?rest_route=%2Fwp%2Fv2%2Fcomments&post=78"}],"version-history":[{"count":23,"href":"https:\/\/www.brignogan-blog.com\/index.php?rest_route=\/wp\/v2\/pages\/78\/revisions"}],"predecessor-version":[{"id":2479,"href":"https:\/\/www.brignogan-blog.com\/index.php?rest_route=\/wp\/v2\/pages\/78\/revisions\/2479"}],"wp:attachment":[{"href":"https:\/\/www.brignogan-blog.com\/index.php?rest_route=%2Fwp%2Fv2%2Fmedia&parent=78"}],"curies":[{"name":"wp","href":"https:\/\/api.w.org\/{rel}","templated":true}]}}