{"id":2709,"date":"2019-08-15T20:21:35","date_gmt":"2019-08-15T18:21:35","guid":{"rendered":"http:\/\/www.brignogan-blog.com\/?page_id=2709"},"modified":"2019-12-14T16:46:02","modified_gmt":"2019-12-14T15:46:02","slug":"depeche-de-brest","status":"publish","type":"page","link":"https:\/\/www.brignogan-blog.com\/?page_id=2709&lang=de","title":{"rendered":"D\u00e9p\u00eache de Brest"},"content":{"rendered":"<p><img loading=\"lazy\" decoding=\"async\" class=\"alignleft wp-image-2711\" style=\"font-size: 14.4px;\" src=\"https:\/\/www.brignogan-blog.com\/wp-content\/uploads\/2019\/08\/annonce1887-300x195.jpg\" alt=\"\" width=\"400\" height=\"260\" srcset=\"https:\/\/www.brignogan-blog.com\/wp-content\/uploads\/2019\/08\/annonce1887-300x195.jpg 300w, https:\/\/www.brignogan-blog.com\/wp-content\/uploads\/2019\/08\/annonce1887-768x499.jpg 768w, https:\/\/www.brignogan-blog.com\/wp-content\/uploads\/2019\/08\/annonce1887-1024x665.jpg 1024w, https:\/\/www.brignogan-blog.com\/wp-content\/uploads\/2019\/08\/annonce1887-250x162.jpg 250w, https:\/\/www.brignogan-blog.com\/wp-content\/uploads\/2019\/08\/annonce1887.jpg 1260w\" sizes=\"auto, (max-width: 400px) 100vw, 400px\" \/><\/p>\n<p style=\"text-align: justify;\"><span style=\"font-family: helvetica, arial, sans-serif; font-size: 14pt;\"><span style=\"font-family: georgia, palatino, serif;\">Schon Ende des 19. Jahrhunderts finden sich viele Annoncen, die sowohl Ferienh\u00e4user als auch Hotelaufenthalte anboten. Das gezeigte Beispiel hat seinen besonderen Reiz in der Ortsangabe; hier: f\u00fcr Ploun\u00e9our-Tr\u00e8z mit dem Hinweis, man befinde sich nahe &#8222;Brignogan&#8220;. Man erinnere, dass Brignogan damals eigentlich nur ein Ortsteil von Ploun\u00e9our war.<\/span> <img loading=\"lazy\" decoding=\"async\" class=\"size-medium wp-image-2712 alignright\" src=\"https:\/\/www.brignogan-blog.com\/wp-content\/uploads\/2019\/08\/hotelwerbung1888-300x263.jpg\" alt=\"\" width=\"300\" height=\"263\" srcset=\"https:\/\/www.brignogan-blog.com\/wp-content\/uploads\/2019\/08\/hotelwerbung1888-300x263.jpg 300w, https:\/\/www.brignogan-blog.com\/wp-content\/uploads\/2019\/08\/hotelwerbung1888-250x219.jpg 250w, https:\/\/www.brignogan-blog.com\/wp-content\/uploads\/2019\/08\/hotelwerbung1888.jpg 737w\" sizes=\"auto, (max-width: 300px) 100vw, 300px\" \/><\/span><\/p>\n<p style=\"text-align: justify;\"><span style=\"font-family: helvetica, arial, sans-serif; font-size: 14pt;\"><br \/>\n<span style=\"font-family: georgia, palatino, serif;\">Das gezeigte Hotel-Angebot bot den Aufenthalt im Hotel mit 4 Franken f\u00fcr Erwachsene an und 2 Franken f\u00fcr Kinder.<\/span><\/span><\/p>\n<p style=\"text-align: justify;\"><span style=\"font-family: helvetica, arial, sans-serif; font-size: 14pt;\"><img loading=\"lazy\" decoding=\"async\" class=\"size-medium wp-image-2713 alignright\" src=\"https:\/\/www.brignogan-blog.com\/wp-content\/uploads\/2019\/08\/location1889-275x300.jpg\" alt=\"\" width=\"275\" height=\"300\" srcset=\"https:\/\/www.brignogan-blog.com\/wp-content\/uploads\/2019\/08\/location1889-275x300.jpg 275w, https:\/\/www.brignogan-blog.com\/wp-content\/uploads\/2019\/08\/location1889-768x838.jpg 768w, https:\/\/www.brignogan-blog.com\/wp-content\/uploads\/2019\/08\/location1889-250x273.jpg 250w, https:\/\/www.brignogan-blog.com\/wp-content\/uploads\/2019\/08\/location1889.jpg 787w\" sizes=\"auto, (max-width: 275px) 100vw, 275px\" \/><\/span><\/p>\n<p style=\"text-align: justify;\">&nbsp;<\/p>\n<p style=\"text-align: justify;\"><span style=\"font-family: georgia, palatino, serif; font-size: 14pt;\">Die angebotenen H\u00e4user waren recht ger\u00e4umig; f\u00fcr gro\u00dfe, b\u00fcrgerliche Familien gedacht. Alle hier gezeigten Beispiele sind aus den 80er Jahren des 19. Jahrhunderts und deuten auf sehr gesch\u00e4ftiges Treiben hin.<\/span><\/p>\n<p>&nbsp;<\/p>\n<p>&nbsp;<\/p>\n<p><span style=\"font-size: 12pt;\"><span style=\"text-decoration: underline;\"><strong>Fortsetzung<\/strong><\/span><span style=\"font-size: 12pt;\">:<\/span><a href=\"?page_id=2797\" target=\"_blank\" rel=\"noopener noreferrer\"><em><b style=\"font-size: 12pt;\"> der Prozess de Separation von Brignogan im Spiegel der damaligen Presse und im Gesetzblatt (journal <\/b><span style=\"font-size: 16px;\"><b>officielle<\/b><\/span><b style=\"font-size: 12pt;\"> de France)<\/b><\/em><\/a><\/span><\/p>\n<p>(<span style=\"font-size: 12pt;\"><em><span style=\"font-size: 12pt;\">Quelle : La <\/span><span style=\"font-size: 16px;\">D\u00e9p\u00eache<\/span><span style=\"font-size: 12pt;\">&nbsp;de Brest<\/span><\/em><span style=\"font-size: 12pt;\">)<\/span><\/span><\/p>\n<p>&nbsp;<\/p>\n","protected":false},"excerpt":{"rendered":"<p>Schon Ende des 19. Jahrhunderts finden sich viele Annoncen, die sowohl Ferienh\u00e4user als auch Hotelaufenthalte anboten. Das gezeigte Beispiel hat&hellip;<\/p>\n","protected":false},"author":1,"featured_media":0,"parent":0,"menu_order":0,"comment_status":"closed","ping_status":"closed","template":"full-width.php","meta":{"ngg_post_thumbnail":0,"footnotes":""},"class_list":["post-2709","page","type-page","status-publish","hentry"],"_links":{"self":[{"href":"https:\/\/www.brignogan-blog.com\/index.php?rest_route=\/wp\/v2\/pages\/2709","targetHints":{"allow":["GET"]}}],"collection":[{"href":"https:\/\/www.brignogan-blog.com\/index.php?rest_route=\/wp\/v2\/pages"}],"about":[{"href":"https:\/\/www.brignogan-blog.com\/index.php?rest_route=\/wp\/v2\/types\/page"}],"author":[{"embeddable":true,"href":"https:\/\/www.brignogan-blog.com\/index.php?rest_route=\/wp\/v2\/users\/1"}],"replies":[{"embeddable":true,"href":"https:\/\/www.brignogan-blog.com\/index.php?rest_route=%2Fwp%2Fv2%2Fcomments&post=2709"}],"version-history":[{"count":36,"href":"https:\/\/www.brignogan-blog.com\/index.php?rest_route=\/wp\/v2\/pages\/2709\/revisions"}],"predecessor-version":[{"id":3011,"href":"https:\/\/www.brignogan-blog.com\/index.php?rest_route=\/wp\/v2\/pages\/2709\/revisions\/3011"}],"wp:attachment":[{"href":"https:\/\/www.brignogan-blog.com\/index.php?rest_route=%2Fwp%2Fv2%2Fmedia&parent=2709"}],"curies":[{"name":"wp","href":"https:\/\/api.w.org\/{rel}","templated":true}]}}